{"id":5,"date":"2023-09-28T18:25:53","date_gmt":"2023-09-28T21:25:53","guid":{"rendered":"https:\/\/ligiaoplanejamento.com.br\/?page_id=5"},"modified":"2023-09-29T19:21:51","modified_gmt":"2023-09-29T22:21:51","slug":"ligia-oliveira","status":"publish","type":"page","link":"https:\/\/ligiaoplanejamento.com.br\/","title":{"rendered":"Ligia Oliveira"},"content":{"rendered":"\t\t<div data-elementor-type=\"wp-page\" data-elementor-id=\"5\" class=\"elementor elementor-5\" data-elementor-settings=\"[]\">\n\t\t\t\t\t\t\t<div class=\"elementor-section-wrap\">\n\t\t\t\t\t\t\t<section class=\"elementor-section elementor-top-section elementor-element elementor-element-1f369758 elementor-reverse-tablet elementor-reverse-mobile elementor-section-boxed elementor-section-height-default elementor-section-height-default\" data-id=\"1f369758\" data-element_type=\"section\" data-settings=\"{&quot;background_background&quot;:&quot;video&quot;}\">\n\t\t\t\t\t\t\t<div class=\"elementor-background-overlay\"><\/div>\n\t\t\t\t\t\t\t<div class=\"elementor-container elementor-column-gap-default\">\n\t\t\t\t\t<div class=\"elementor-column elementor-col-50 elementor-top-column elementor-element elementor-element-621bea84\" data-id=\"621bea84\" data-element_type=\"column\">\n\t\t\t<div class=\"elementor-widget-wrap elementor-element-populated\">\n\t\t\t\t\t\t\t\t<div class=\"elementor-element elementor-element-33e9c1cf elementor-widget elementor-widget-heading\" data-id=\"33e9c1cf\" data-element_type=\"widget\" data-widget_type=\"heading.default\">\n\t\t\t\t<div class=\"elementor-widget-container\">\n\t\t\t<h2 class=\"elementor-heading-title elementor-size-medium\"><b>Proteja Seu Patrim\u00f4nio e Garanta o Futuro da Sua Fam\u00edlia com a Holding Familiar.<\/b>\n<\/h2>\t\t<\/div>\n\t\t\t\t<\/div>\n\t\t\t\t<div class=\"elementor-element elementor-element-361aff9c elementor-align-left elementor-mobile-align-justify elementor-widget elementor-widget-button\" data-id=\"361aff9c\" data-element_type=\"widget\" data-widget_type=\"button.default\">\n\t\t\t\t<div class=\"elementor-widget-container\">\n\t\t\t\t\t<div class=\"elementor-button-wrapper\">\n\t\t\t<a href=\"https:\/\/wa.me\/+5581982860003\" class=\"elementor-button-link elementor-button elementor-size-sm elementor-animation-grow\" role=\"button\">\n\t\t\t\t\t\t<span class=\"elementor-button-content-wrapper\">\n\t\t\t\t\t\t<span class=\"elementor-button-icon elementor-align-icon-left\">\n\t\t\t\t<i aria-hidden=\"true\" class=\"fab fa-whatsapp\"><\/i>\t\t\t<\/span>\n\t\t\t\t\t\t<span class=\"elementor-button-text\">Agende uma Consulta Personalizada!<\/span>\n\t\t<\/span>\n\t\t\t\t\t<\/a>\n\t\t<\/div>\n\t\t\t\t<\/div>\n\t\t\t\t<\/div>\n\t\t\t\t\t<\/div>\n\t\t<\/div>\n\t\t\t\t<div class=\"elementor-column elementor-col-50 elementor-top-column elementor-element elementor-element-9c80f68\" data-id=\"9c80f68\" data-element_type=\"column\">\n\t\t\t<div class=\"elementor-widget-wrap elementor-element-populated\">\n\t\t\t\t\t\t\t\t<div class=\"elementor-element elementor-element-7a3abbc elementor-widget elementor-widget-image\" data-id=\"7a3abbc\" data-element_type=\"widget\" data-widget_type=\"image.default\">\n\t\t\t\t<div class=\"elementor-widget-container\">\n\t\t\t\t\t\t\t\t\t\t\t\t\t\t\t<img decoding=\"async\" loading=\"lazy\" width=\"800\" height=\"800\" src=\"https:\/\/ligiaoplanejamento.com.br\/wp-content\/uploads\/2023\/09\/2-2.png\" class=\"attachment-large size-large\" alt=\"\" srcset=\"https:\/\/ligiaoplanejamento.com.br\/wp-content\/uploads\/2023\/09\/2-2.png 1024w, https:\/\/ligiaoplanejamento.com.br\/wp-content\/uploads\/2023\/09\/2-2-300x300.png 300w, https:\/\/ligiaoplanejamento.com.br\/wp-content\/uploads\/2023\/09\/2-2-150x150.png 150w, https:\/\/ligiaoplanejamento.com.br\/wp-content\/uploads\/2023\/09\/2-2-768x768.png 768w\" sizes=\"(max-width: 800px) 100vw, 800px\" \/>\t\t\t\t\t\t\t\t\t\t\t\t\t\t\t<\/div>\n\t\t\t\t<\/div>\n\t\t\t\t\t<\/div>\n\t\t<\/div>\n\t\t\t\t\t\t\t<\/div>\n\t\t<\/section>\n\t\t\t\t<section class=\"elementor-section elementor-top-section elementor-element elementor-element-424b3fa8 elementor-section-boxed elementor-section-height-default elementor-section-height-default\" data-id=\"424b3fa8\" data-element_type=\"section\">\n\t\t\t\t\t\t\t<div class=\"elementor-background-overlay\"><\/div>\n\t\t\t\t\t\t\t<div class=\"elementor-container elementor-column-gap-default\">\n\t\t\t\t\t<div class=\"elementor-column elementor-col-100 elementor-top-column elementor-element elementor-element-259125ad\" data-id=\"259125ad\" data-element_type=\"column\" data-settings=\"{&quot;background_background&quot;:&quot;classic&quot;}\">\n\t\t\t<div class=\"elementor-widget-wrap elementor-element-populated\">\n\t\t\t\t\t<div class=\"elementor-background-overlay\"><\/div>\n\t\t\t\t\t\t\t\t<div class=\"elementor-element elementor-element-111d4e7 elementor-widget elementor-widget-image\" data-id=\"111d4e7\" data-element_type=\"widget\" data-widget_type=\"image.default\">\n\t\t\t\t<div class=\"elementor-widget-container\">\n\t\t\t\t\t\t\t\t\t\t\t\t\t\t\t<img decoding=\"async\" loading=\"lazy\" width=\"768\" height=\"768\" src=\"https:\/\/ligiaoplanejamento.com.br\/wp-content\/uploads\/2023\/09\/4-768x768.png\" class=\"attachment-medium_large size-medium_large\" alt=\"\" srcset=\"https:\/\/ligiaoplanejamento.com.br\/wp-content\/uploads\/2023\/09\/4-768x768.png 768w, https:\/\/ligiaoplanejamento.com.br\/wp-content\/uploads\/2023\/09\/4-300x300.png 300w, https:\/\/ligiaoplanejamento.com.br\/wp-content\/uploads\/2023\/09\/4-150x150.png 150w, https:\/\/ligiaoplanejamento.com.br\/wp-content\/uploads\/2023\/09\/4.png 1024w\" sizes=\"(max-width: 768px) 100vw, 768px\" \/>\t\t\t\t\t\t\t\t\t\t\t\t\t\t\t<\/div>\n\t\t\t\t<\/div>\n\t\t\t\t<div class=\"elementor-element elementor-element-40538a24 elementor-widget elementor-widget-heading\" data-id=\"40538a24\" data-element_type=\"widget\" data-widget_type=\"heading.default\">\n\t\t\t\t<div class=\"elementor-widget-container\">\n\t\t\t<h2 class=\"elementor-heading-title elementor-size-default\">Benef\u00edcios de voc\u00ea ter uma Holding Familiar.\n<\/h2>\t\t<\/div>\n\t\t\t\t<\/div>\n\t\t\t\t<div class=\"elementor-element elementor-element-532235f2 elementor-widget elementor-widget-heading\" data-id=\"532235f2\" data-element_type=\"widget\" data-widget_type=\"heading.default\">\n\t\t\t\t<div class=\"elementor-widget-container\">\n\t\t\t<h2 class=\"elementor-heading-title elementor-size-default\"><b>Estrat\u00e9gias Personalizadas<\/b>: Oferecemos solu\u00e7\u00f5es de holding familiar adaptadas \u00e0s necessidades exclusivas da sua fam\u00edlia e do seu patrim\u00f4nio.<br><br>\n\n<b>Prote\u00e7\u00e3o Legal<\/b>: Garantimos a seguran\u00e7a jur\u00eddica dos seus ativos, proporcionando tranquilidade para o futuro.<br><br>\n\n<b>Minimiza\u00e7\u00e3o de Impostos<\/b>: Nossos especialistas em planejamento tribut\u00e1rio ajudam a minimizar o impacto fiscal em seu patrim\u00f4nio.<br><br>\n\n<b>Sucess\u00e3o Sem Conflitos<\/b>: Facilitamos a sucess\u00e3o de bens de forma harmoniosa, evitando disputas familiares.<br><br>\n\n<b>Acompanhamento Cont\u00ednuo<\/b>: Fornecemos suporte cont\u00ednuo para garantir que sua holding familiar esteja sempre alinhada com seus objetivos.<\/h2>\t\t<\/div>\n\t\t\t\t<\/div>\n\t\t\t\t<div class=\"elementor-element elementor-element-17a6a081 elementor-align-center elementor-mobile-align-justify elementor-widget elementor-widget-button\" data-id=\"17a6a081\" data-element_type=\"widget\" data-widget_type=\"button.default\">\n\t\t\t\t<div class=\"elementor-widget-container\">\n\t\t\t\t\t<div class=\"elementor-button-wrapper\">\n\t\t\t<a href=\"https:\/\/wa.me\/+5581982860003\" class=\"elementor-button-link elementor-button elementor-size-sm elementor-animation-grow\" role=\"button\">\n\t\t\t\t\t\t<span class=\"elementor-button-content-wrapper\">\n\t\t\t\t\t\t<span class=\"elementor-button-text\">Converse com um Especialista Agora!<\/span>\n\t\t<\/span>\n\t\t\t\t\t<\/a>\n\t\t<\/div>\n\t\t\t\t<\/div>\n\t\t\t\t<\/div>\n\t\t\t\t\t<\/div>\n\t\t<\/div>\n\t\t\t\t\t\t\t<\/div>\n\t\t<\/section>\n\t\t\t\t<section class=\"elementor-section elementor-top-section elementor-element elementor-element-6d979e3 elementor-section-full_width elementor-reverse-tablet elementor-reverse-mobile elementor-section-height-default elementor-section-height-default\" data-id=\"6d979e3\" data-element_type=\"section\" data-settings=\"{&quot;background_background&quot;:&quot;video&quot;}\">\n\t\t\t\t\t\t\t<div class=\"elementor-background-overlay\"><\/div>\n\t\t\t\t\t\t\t<div class=\"elementor-container elementor-column-gap-default\">\n\t\t\t\t\t<div class=\"elementor-column elementor-col-50 elementor-top-column elementor-element elementor-element-d5933b3\" data-id=\"d5933b3\" data-element_type=\"column\">\n\t\t\t<div class=\"elementor-widget-wrap elementor-element-populated\">\n\t\t\t\t\t\t\t\t<div class=\"elementor-element elementor-element-6e7e078 elementor-widget elementor-widget-heading\" data-id=\"6e7e078\" data-element_type=\"widget\" data-widget_type=\"heading.default\">\n\t\t\t\t<div class=\"elementor-widget-container\">\n\t\t\t<h2 class=\"elementor-heading-title elementor-size-medium\"><b>Quem eu sou, <\/b><br><br>Meu nome L\u00edgia Oliveira, contadora de forma\u00e7\u00e3o, e estou aqui para compartilhar minha jornada de sucesso na conquista dos meus honor\u00e1rios mais significativos atrav\u00e9s do Planejamento Patrimonial e Sucess\u00f3rio!\n\nAtuando no mercado cont\u00e1bil desde 2009, sou Graduada em Ci\u00eancias Cont\u00e1beis e p\u00f3s-graduada em Direito Tribut\u00e1rio, Controladoria, Planejamento Sucess\u00f3rio e Holding, al\u00e9m de estar atualmente cursando Direito. <br>\nEssa s\u00f3lida forma\u00e7\u00e3o acad\u00eamica tem sido a base da minha trajet\u00f3ria profissional.<br>\nAl\u00e9m disso, sou fundadora da Focus Contabilidade, uma empresa que leva excel\u00eancia e expertise cont\u00e1bil aos nossos clientes. Tamb\u00e9m atuo como palestrante e consultora de neg\u00f3cios imobili\u00e1rios, trazendo minha vasta experi\u00eancia para auxiliar outros profissionais. <br>O Planejamento Patrimonial \u00e9 uma das minhas paix\u00f5es, e \u00e9 atrav\u00e9s dele que alcancei os melhores honor\u00e1rios da minha carreira.<\/h2>\t\t<\/div>\n\t\t\t\t<\/div>\n\t\t\t\t\t<\/div>\n\t\t<\/div>\n\t\t\t\t<div class=\"elementor-column elementor-col-50 elementor-top-column elementor-element elementor-element-99fe0ea\" data-id=\"99fe0ea\" data-element_type=\"column\">\n\t\t\t<div class=\"elementor-widget-wrap elementor-element-populated\">\n\t\t\t\t\t\t\t\t<div class=\"elementor-element elementor-element-275c222 elementor-widget elementor-widget-image\" data-id=\"275c222\" data-element_type=\"widget\" data-widget_type=\"image.default\">\n\t\t\t\t<div class=\"elementor-widget-container\">\n\t\t\t\t\t\t\t\t\t\t\t\t\t\t\t<img decoding=\"async\" loading=\"lazy\" width=\"433\" height=\"577\" src=\"https:\/\/ligiaoplanejamento.com.br\/wp-content\/uploads\/2023\/09\/WhatsApp-Image-2023-09-29-at-18.09.32.jpeg\" class=\"attachment-large size-large\" alt=\"\" srcset=\"https:\/\/ligiaoplanejamento.com.br\/wp-content\/uploads\/2023\/09\/WhatsApp-Image-2023-09-29-at-18.09.32.jpeg 433w, https:\/\/ligiaoplanejamento.com.br\/wp-content\/uploads\/2023\/09\/WhatsApp-Image-2023-09-29-at-18.09.32-225x300.jpeg 225w\" sizes=\"(max-width: 433px) 100vw, 433px\" \/>\t\t\t\t\t\t\t\t\t\t\t\t\t\t\t<\/div>\n\t\t\t\t<\/div>\n\t\t\t\t\t<\/div>\n\t\t<\/div>\n\t\t\t\t\t\t\t<\/div>\n\t\t<\/section>\n\t\t\t\t<section class=\"elementor-section elementor-top-section elementor-element elementor-element-4b8a769 elementor-section-boxed elementor-section-height-default elementor-section-height-default\" data-id=\"4b8a769\" data-element_type=\"section\" data-settings=\"{&quot;background_background&quot;:&quot;classic&quot;}\">\n\t\t\t\t\t\t<div class=\"elementor-container elementor-column-gap-default\">\n\t\t\t\t\t<div class=\"elementor-column elementor-col-100 elementor-top-column elementor-element elementor-element-46acef8f\" data-id=\"46acef8f\" data-element_type=\"column\">\n\t\t\t<div class=\"elementor-widget-wrap elementor-element-populated\">\n\t\t\t\t\t\t\t\t<div class=\"elementor-element elementor-element-7a08cca7 elementor-widget elementor-widget-heading\" data-id=\"7a08cca7\" data-element_type=\"widget\" data-widget_type=\"heading.default\">\n\t\t\t\t<div class=\"elementor-widget-container\">\n\t\t\t<h2 class=\"elementor-heading-title elementor-size-default\">Depoimentos de Clientes Satisfeitos Com os Planos de Hoing Familiar.<\/h2>\t\t<\/div>\n\t\t\t\t<\/div>\n\t\t\t\t<section class=\"elementor-section elementor-inner-section elementor-element elementor-element-597a420d elementor-section-boxed elementor-section-height-default elementor-section-height-default\" data-id=\"597a420d\" data-element_type=\"section\">\n\t\t\t\t\t\t<div class=\"elementor-container elementor-column-gap-default\">\n\t\t\t\t\t<div class=\"elementor-column elementor-col-33 elementor-inner-column elementor-element elementor-element-3e93e0d0\" data-id=\"3e93e0d0\" data-element_type=\"column\" data-settings=\"{&quot;background_background&quot;:&quot;classic&quot;}\">\n\t\t\t<div class=\"elementor-widget-wrap elementor-element-populated\">\n\t\t\t\t\t\t\t\t<div class=\"elementor-element elementor-element-3a348969 elementor-widget elementor-widget-image\" data-id=\"3a348969\" data-element_type=\"widget\" data-widget_type=\"image.default\">\n\t\t\t\t<div class=\"elementor-widget-container\">\n\t\t\t\t\t\t\t\t\t\t\t\t\t\t\t<img decoding=\"async\" loading=\"lazy\" width=\"150\" height=\"150\" src=\"https:\/\/ligiaoplanejamento.com.br\/wp-content\/uploads\/2023\/09\/candice-picard-1057183-unsplash-150x150.jpg\" class=\"attachment-thumbnail size-thumbnail\" alt=\"\" \/>\t\t\t\t\t\t\t\t\t\t\t\t\t\t\t<\/div>\n\t\t\t\t<\/div>\n\t\t\t\t<div class=\"elementor-element elementor-element-3149b989 elementor--star-style-star_unicode elementor-star-rating--align-center elementor-widget elementor-widget-star-rating\" data-id=\"3149b989\" data-element_type=\"widget\" data-widget_type=\"star-rating.default\">\n\t\t\t\t<div class=\"elementor-widget-container\">\n\t\t\t\n\t\t<div class=\"elementor-star-rating__wrapper\">\n\t\t\t\t\t\t<div class=\"elementor-star-rating\" title=\"5\/5\" itemtype=\"http:\/\/schema.org\/Rating\" itemscope=\"\" itemprop=\"reviewRating\"><i class=\"elementor-star-full\">&#9733;<\/i><i class=\"elementor-star-full\">&#9733;<\/i><i class=\"elementor-star-full\">&#9733;<\/i><i class=\"elementor-star-full\">&#9733;<\/i><i class=\"elementor-star-full\">&#9733;<\/i> <span itemprop=\"ratingValue\" class=\"elementor-screen-only\">5\/5<\/span><\/div>\t\t<\/div>\n\t\t\t\t<\/div>\n\t\t\t\t<\/div>\n\t\t\t\t<div class=\"elementor-element elementor-element-5d36ff0a elementor-widget elementor-widget-heading\" data-id=\"5d36ff0a\" data-element_type=\"widget\" data-widget_type=\"heading.default\">\n\t\t\t\t<div class=\"elementor-widget-container\">\n\t\t\t<h2 class=\"elementor-heading-title elementor-size-default\">O servi\u00e7o de prote\u00e7\u00e3o patrimonial da Ligia Oliveira foi uma jogada inteligente para nosso futuro. Recomendo totalmente!\" - Maria R.\n<\/h2>\t\t<\/div>\n\t\t\t\t<\/div>\n\t\t\t\t\t<\/div>\n\t\t<\/div>\n\t\t\t\t<div class=\"elementor-column elementor-col-33 elementor-inner-column elementor-element elementor-element-73045b24\" data-id=\"73045b24\" data-element_type=\"column\" data-settings=\"{&quot;background_background&quot;:&quot;classic&quot;}\">\n\t\t\t<div class=\"elementor-widget-wrap elementor-element-populated\">\n\t\t\t\t\t\t\t\t<div class=\"elementor-element elementor-element-52204bbf elementor-widget elementor-widget-image\" data-id=\"52204bbf\" data-element_type=\"widget\" data-widget_type=\"image.default\">\n\t\t\t\t<div class=\"elementor-widget-container\">\n\t\t\t\t\t\t\t\t\t\t\t\t\t\t\t<img decoding=\"async\" loading=\"lazy\" width=\"150\" height=\"150\" src=\"https:\/\/ligiaoplanejamento.com.br\/wp-content\/uploads\/2023\/09\/expert-2-150x150.png\" class=\"attachment-thumbnail size-thumbnail\" alt=\"\" srcset=\"https:\/\/ligiaoplanejamento.com.br\/wp-content\/uploads\/2023\/09\/expert-2-150x150.png 150w, https:\/\/ligiaoplanejamento.com.br\/wp-content\/uploads\/2023\/09\/expert-2-300x300.png 300w, https:\/\/ligiaoplanejamento.com.br\/wp-content\/uploads\/2023\/09\/expert-2-768x767.png 768w, https:\/\/ligiaoplanejamento.com.br\/wp-content\/uploads\/2023\/09\/expert-2.png 807w\" sizes=\"(max-width: 150px) 100vw, 150px\" \/>\t\t\t\t\t\t\t\t\t\t\t\t\t\t\t<\/div>\n\t\t\t\t<\/div>\n\t\t\t\t<div class=\"elementor-element elementor-element-6d3a2a76 elementor--star-style-star_unicode elementor-star-rating--align-center elementor-widget elementor-widget-star-rating\" data-id=\"6d3a2a76\" data-element_type=\"widget\" data-widget_type=\"star-rating.default\">\n\t\t\t\t<div class=\"elementor-widget-container\">\n\t\t\t\n\t\t<div class=\"elementor-star-rating__wrapper\">\n\t\t\t\t\t\t<div class=\"elementor-star-rating\" title=\"5\/5\" itemtype=\"http:\/\/schema.org\/Rating\" itemscope=\"\" itemprop=\"reviewRating\"><i class=\"elementor-star-full\">&#9733;<\/i><i class=\"elementor-star-full\">&#9733;<\/i><i class=\"elementor-star-full\">&#9733;<\/i><i class=\"elementor-star-full\">&#9733;<\/i><i class=\"elementor-star-full\">&#9733;<\/i> <span itemprop=\"ratingValue\" class=\"elementor-screen-only\">5\/5<\/span><\/div>\t\t<\/div>\n\t\t\t\t<\/div>\n\t\t\t\t<\/div>\n\t\t\t\t<div class=\"elementor-element elementor-element-7852221d elementor-widget elementor-widget-heading\" data-id=\"7852221d\" data-element_type=\"widget\" data-widget_type=\"heading.default\">\n\t\t\t\t<div class=\"elementor-widget-container\">\n\t\t\t<h2 class=\"elementor-heading-title elementor-size-default\">\"Eles nos ajudaram a economizar muito em impostos, o que fez uma grande diferen\u00e7a em nossas finan\u00e7as.\" - Carla A.\n<\/h2>\t\t<\/div>\n\t\t\t\t<\/div>\n\t\t\t\t\t<\/div>\n\t\t<\/div>\n\t\t\t\t<div class=\"elementor-column elementor-col-33 elementor-inner-column elementor-element elementor-element-1039cf56\" data-id=\"1039cf56\" data-element_type=\"column\" data-settings=\"{&quot;background_background&quot;:&quot;classic&quot;}\">\n\t\t\t<div class=\"elementor-widget-wrap elementor-element-populated\">\n\t\t\t\t\t\t\t\t<div class=\"elementor-element elementor-element-13a0a5e1 elementor-widget elementor-widget-image\" data-id=\"13a0a5e1\" data-element_type=\"widget\" data-widget_type=\"image.default\">\n\t\t\t\t<div class=\"elementor-widget-container\">\n\t\t\t\t\t\t\t\t\t\t\t\t\t\t\t<img decoding=\"async\" loading=\"lazy\" width=\"150\" height=\"150\" src=\"https:\/\/ligiaoplanejamento.com.br\/wp-content\/uploads\/2023\/09\/sucesso-150x150.png\" class=\"attachment-thumbnail size-thumbnail\" alt=\"\" \/>\t\t\t\t\t\t\t\t\t\t\t\t\t\t\t<\/div>\n\t\t\t\t<\/div>\n\t\t\t\t<div class=\"elementor-element elementor-element-6c704d97 elementor--star-style-star_unicode elementor-star-rating--align-center elementor-widget elementor-widget-star-rating\" data-id=\"6c704d97\" data-element_type=\"widget\" data-widget_type=\"star-rating.default\">\n\t\t\t\t<div class=\"elementor-widget-container\">\n\t\t\t\n\t\t<div class=\"elementor-star-rating__wrapper\">\n\t\t\t\t\t\t<div class=\"elementor-star-rating\" title=\"5\/5\" itemtype=\"http:\/\/schema.org\/Rating\" itemscope=\"\" itemprop=\"reviewRating\"><i class=\"elementor-star-full\">&#9733;<\/i><i class=\"elementor-star-full\">&#9733;<\/i><i class=\"elementor-star-full\">&#9733;<\/i><i class=\"elementor-star-full\">&#9733;<\/i><i class=\"elementor-star-full\">&#9733;<\/i> <span itemprop=\"ratingValue\" class=\"elementor-screen-only\">5\/5<\/span><\/div>\t\t<\/div>\n\t\t\t\t<\/div>\n\t\t\t\t<\/div>\n\t\t\t\t<div class=\"elementor-element elementor-element-6bb6a3cf elementor-widget elementor-widget-heading\" data-id=\"6bb6a3cf\" data-element_type=\"widget\" data-widget_type=\"heading.default\">\n\t\t\t\t<div class=\"elementor-widget-container\">\n\t\t\t<h2 class=\"elementor-heading-title elementor-size-default\">\"A equipe da Ligia Oliveira realmente entendeu as necessidades da nossa fam\u00edlia e nos proporcionou uma estrat\u00e9gia de holding que nos trouxe paz de esp\u00edrito.\" - Jo\u00e3o S.\n<\/h2>\t\t<\/div>\n\t\t\t\t<\/div>\n\t\t\t\t\t<\/div>\n\t\t<\/div>\n\t\t\t\t\t\t\t<\/div>\n\t\t<\/section>\n\t\t\t\t<div class=\"elementor-element elementor-element-a2cea4c elementor-align-center elementor-mobile-align-justify elementor-widget elementor-widget-button\" data-id=\"a2cea4c\" data-element_type=\"widget\" data-widget_type=\"button.default\">\n\t\t\t\t<div class=\"elementor-widget-container\">\n\t\t\t\t\t<div class=\"elementor-button-wrapper\">\n\t\t\t<a href=\"https:\/\/wa.me\/+5581982860003\" class=\"elementor-button-link elementor-button elementor-size-sm elementor-animation-grow\" role=\"button\">\n\t\t\t\t\t\t<span class=\"elementor-button-content-wrapper\">\n\t\t\t\t\t\t<span class=\"elementor-button-text\">Converse com um Especialista Agora!<\/span>\n\t\t<\/span>\n\t\t\t\t\t<\/a>\n\t\t<\/div>\n\t\t\t\t<\/div>\n\t\t\t\t<\/div>\n\t\t\t\t\t<\/div>\n\t\t<\/div>\n\t\t\t\t\t\t\t<\/div>\n\t\t<\/section>\n\t\t\t\t<section class=\"elementor-section elementor-top-section elementor-element elementor-element-2741b457 elementor-section-boxed elementor-section-height-default elementor-section-height-default\" data-id=\"2741b457\" data-element_type=\"section\" data-settings=\"{&quot;background_background&quot;:&quot;classic&quot;}\">\n\t\t\t\t\t\t<div class=\"elementor-container elementor-column-gap-default\">\n\t\t\t\t\t<div class=\"elementor-column elementor-col-100 elementor-top-column elementor-element elementor-element-2b52d74a\" data-id=\"2b52d74a\" data-element_type=\"column\">\n\t\t\t<div class=\"elementor-widget-wrap elementor-element-populated\">\n\t\t\t\t\t\t\t\t<div class=\"elementor-element elementor-element-3050766 elementor-widget__width-inherit elementor-shape-rounded elementor-grid-0 e-grid-align-center elementor-widget elementor-widget-social-icons\" data-id=\"3050766\" data-element_type=\"widget\" data-widget_type=\"social-icons.default\">\n\t\t\t\t<div class=\"elementor-widget-container\">\n\t\t\t\t\t<div class=\"elementor-social-icons-wrapper elementor-grid\">\n\t\t\t\t\t\t\t<span class=\"elementor-grid-item\">\n\t\t\t\t\t<a class=\"elementor-icon elementor-social-icon elementor-social-icon-facebook elementor-animation-shrink elementor-repeater-item-31289bc\" href=\"https:\/\/www.facebook.com\/profile.php?id=61551189413350\" target=\"_blank\">\n\t\t\t\t\t\t<span class=\"elementor-screen-only\">Facebook<\/span>\n\t\t\t\t\t\t<i class=\"fab fa-facebook\"><\/i>\t\t\t\t\t<\/a>\n\t\t\t\t<\/span>\n\t\t\t\t\t\t\t<span class=\"elementor-grid-item\">\n\t\t\t\t\t<a class=\"elementor-icon elementor-social-icon elementor-social-icon-instagram elementor-animation-shrink elementor-repeater-item-ee911bd\" href=\"https:\/\/www.instagram.com\/ligiamsoliveira\/\" target=\"_blank\">\n\t\t\t\t\t\t<span class=\"elementor-screen-only\">Instagram<\/span>\n\t\t\t\t\t\t<i class=\"fab fa-instagram\"><\/i>\t\t\t\t\t<\/a>\n\t\t\t\t<\/span>\n\t\t\t\t\t\t\t<span class=\"elementor-grid-item\">\n\t\t\t\t\t<a class=\"elementor-icon elementor-social-icon elementor-social-icon-youtube elementor-animation-shrink elementor-repeater-item-c693e43\" href=\"https:\/\/www.youtube.com\/@ligiao_planejamentopatrimonial\" target=\"_blank\">\n\t\t\t\t\t\t<span class=\"elementor-screen-only\">Youtube<\/span>\n\t\t\t\t\t\t<i class=\"fab fa-youtube\"><\/i>\t\t\t\t\t<\/a>\n\t\t\t\t<\/span>\n\t\t\t\t\t\t\t<span class=\"elementor-grid-item\">\n\t\t\t\t\t<a class=\"elementor-icon elementor-social-icon elementor-social-icon-whatsapp elementor-animation-shrink elementor-repeater-item-99ee2a3\" href=\"https:\/\/wa.me\/+5581982860003\" target=\"_blank\">\n\t\t\t\t\t\t<span class=\"elementor-screen-only\">Whatsapp<\/span>\n\t\t\t\t\t\t<i class=\"fab fa-whatsapp\"><\/i>\t\t\t\t\t<\/a>\n\t\t\t\t<\/span>\n\t\t\t\t\t<\/div>\n\t\t\t\t<\/div>\n\t\t\t\t<\/div>\n\t\t\t\t<div class=\"elementor-element elementor-element-2ed34508 elementor-widget elementor-widget-text-editor\" data-id=\"2ed34508\" data-element_type=\"widget\" data-widget_type=\"text-editor.default\">\n\t\t\t\t<div class=\"elementor-widget-container\">\n\t\t\t\t\t\t\t<p>Copyright 2023.\u00a0<b>\u00a9 DEAZ An\u00fancios Online<\/b><\/p>\t\t\t\t\t\t<\/div>\n\t\t\t\t<\/div>\n\t\t\t\t\t<\/div>\n\t\t<\/div>\n\t\t\t\t\t\t\t<\/div>\n\t\t<\/section>\n\t\t\t\t\t\t<\/div>\n\t\t\t\t\t<\/div>\n\t\t","protected":false},"excerpt":{"rendered":"<p>Proteja Seu Patrim\u00f4nio e Garanta o Futuro da Sua Fam\u00edlia com a Holding Familiar. Agende uma Consulta Personalizada! Benef\u00edcios de voc\u00ea ter uma Holding Familiar. Estrat\u00e9gias Personalizadas: Oferecemos solu\u00e7\u00f5es de holding familiar adaptadas \u00e0s necessidades exclusivas da sua fam\u00edlia e do seu patrim\u00f4nio. Prote\u00e7\u00e3o Legal: Garantimos a seguran\u00e7a jur\u00eddica dos seus ativos, proporcionando tranquilidade para [&hellip;]<\/p>\n","protected":false},"author":1,"featured_media":0,"parent":0,"menu_order":0,"comment_status":"closed","ping_status":"closed","template":"elementor_canvas","meta":{"footnotes":""},"_links":{"self":[{"href":"https:\/\/ligiaoplanejamento.com.br\/index.php\/wp-json\/wp\/v2\/pages\/5"}],"collection":[{"href":"https:\/\/ligiaoplanejamento.com.br\/index.php\/wp-json\/wp\/v2\/pages"}],"about":[{"href":"https:\/\/ligiaoplanejamento.com.br\/index.php\/wp-json\/wp\/v2\/types\/page"}],"author":[{"embeddable":true,"href":"https:\/\/ligiaoplanejamento.com.br\/index.php\/wp-json\/wp\/v2\/users\/1"}],"replies":[{"embeddable":true,"href":"https:\/\/ligiaoplanejamento.com.br\/index.php\/wp-json\/wp\/v2\/comments?post=5"}],"version-history":[{"count":86,"href":"https:\/\/ligiaoplanejamento.com.br\/index.php\/wp-json\/wp\/v2\/pages\/5\/revisions"}],"predecessor-version":[{"id":230,"href":"https:\/\/ligiaoplanejamento.com.br\/index.php\/wp-json\/wp\/v2\/pages\/5\/revisions\/230"}],"wp:attachment":[{"href":"https:\/\/ligiaoplanejamento.com.br\/index.php\/wp-json\/wp\/v2\/media?parent=5"}],"curies":[{"name":"wp","href":"https:\/\/api.w.org\/{rel}","templated":true}]}}